{"id":1466,"date":"2026-04-07T17:20:45","date_gmt":"2026-04-07T20:20:45","guid":{"rendered":"https:\/\/cosmeticbeautypack.com\/?page_id=1466"},"modified":"2026-04-13T16:04:40","modified_gmt":"2026-04-13T19:04:40","slug":"glow-lift-efeito-lifting-em-multiprocedimentos-cosmobeauty","status":"publish","type":"page","link":"https:\/\/cosmeticbeautypack.com\/index.php\/glow-lift-efeito-lifting-em-multiprocedimentos-cosmobeauty\/","title":{"rendered":"Glow Lift &#8211; Efeito lifting em Multiprocedimentos &#8211; Cosmobeauty"},"content":{"rendered":"\n<p><strong>Glow Lift &#8211; M\u00e1scara Biomec\u00e2nica Concentrada &#8211; <\/strong><\/p>\n\n\n\n<p>Inci name em portugu\u00eas<\/p>\n\n\n\n<p><strong>Ingredientes<\/strong>: Albumina, Perfume, Etilhexilglicerina, \u00c1lcool Benz\u00edlico, Fenoxietanol, Opol\u00edmero de Acrilatos de S\u00f3dio, Lecitina, \u00c1cido Desoxirribonucleico, Nadida.<br><\/p>\n\n\n\n<p><strong>Glow Lift &#8211; Ativador Lifting &#8211; 140ml &#8211; <\/strong><\/p>\n\n\n\n<p>Inci name em portugu\u00eas<\/p>\n\n\n\n<p><strong>Ingredientes<\/strong> \u00c1gua, Polissorbato 20, Perfume, Etilhexilglicerina, \u00c1lcool Benz\u00edlico, Fenoxietanol, Glicerol, Extrato de Mexerica, 1,2-Hexanodiol, Nadida, Hidroxipropil Ciclodextrina, Carragenina S\u00f3dica, Extrato da Alga Jania Rubens, Edetato Diss\u00f3dico, \u00d3leo de Soja, Oleato de S\u00f3dio, Lecitina Hidrogenada, Palmitoil Tripeptideo-38, Sh-Polipept\u00eddio-5.<\/p>\n","protected":false},"excerpt":{"rendered":"<p>Glow Lift &#8211; M\u00e1scara Biomec\u00e2nica Concentrada &#8211; Inci name em portugu\u00eas Ingredientes: Albumina, Perfume, Etilhexilglicerina, \u00c1lcool Benz\u00edlico, Fenoxietanol, Opol\u00edmero de Acrilatos de S\u00f3dio, Lecitina, \u00c1cido Desoxirribonucleico, Nadida. Glow Lift &#8211; Ativador Lifting &#8211; 140ml &#8211; Inci name em portugu\u00eas Ingredientes \u00c1gua, Polissorbato 20, Perfume, Etilhexilglicerina, \u00c1lcool Benz\u00edlico, Fenoxietanol, Glicerol, Extrato de Mexerica, 1,2-Hexanodiol, Nadida, Hidroxipropil [&hellip;]<\/p>\n","protected":false},"author":13,"featured_media":0,"parent":0,"menu_order":0,"comment_status":"closed","ping_status":"closed","template":"","meta":{"footnotes":""},"_links":{"self":[{"href":"https:\/\/cosmeticbeautypack.com\/index.php\/wp-json\/wp\/v2\/pages\/1466"}],"collection":[{"href":"https:\/\/cosmeticbeautypack.com\/index.php\/wp-json\/wp\/v2\/pages"}],"about":[{"href":"https:\/\/cosmeticbeautypack.com\/index.php\/wp-json\/wp\/v2\/types\/page"}],"author":[{"embeddable":true,"href":"https:\/\/cosmeticbeautypack.com\/index.php\/wp-json\/wp\/v2\/users\/13"}],"replies":[{"embeddable":true,"href":"https:\/\/cosmeticbeautypack.com\/index.php\/wp-json\/wp\/v2\/comments?post=1466"}],"version-history":[{"count":2,"href":"https:\/\/cosmeticbeautypack.com\/index.php\/wp-json\/wp\/v2\/pages\/1466\/revisions"}],"predecessor-version":[{"id":1478,"href":"https:\/\/cosmeticbeautypack.com\/index.php\/wp-json\/wp\/v2\/pages\/1466\/revisions\/1478"}],"wp:attachment":[{"href":"https:\/\/cosmeticbeautypack.com\/index.php\/wp-json\/wp\/v2\/media?parent=1466"}],"curies":[{"name":"wp","href":"https:\/\/api.w.org\/{rel}","templated":true}]}}