{"id":1462,"date":"2026-04-06T15:33:18","date_gmt":"2026-04-06T18:33:18","guid":{"rendered":"https:\/\/cosmeticbeautypack.com\/?page_id=1462"},"modified":"2026-04-13T15:39:40","modified_gmt":"2026-04-13T18:39:40","slug":"nad-peeling-de-peptideos-active-booster-cosmobeauty","status":"publish","type":"page","link":"https:\/\/cosmeticbeautypack.com\/index.php\/nad-peeling-de-peptideos-active-booster-cosmobeauty\/","title":{"rendered":"NAD+ Peeling de Pept\u00eddeos Active Booster &#8211; Cosmobeauty"},"content":{"rendered":"\n<p>Inci name em portugu\u00eas<\/p>\n\n\n\n<p><strong>Ingredientes:<\/strong> \u00c1gua, Glicerete-26, \u00c1cido Tranex\u00e2mico, Polissorbato 20, Glicerol, Etilhexilglicerina, \u00c1lcool Benz\u00edlico, Goma Xantana, Fenoxietanol, \u00c1cido L\u00e1ctico, Extrato de Wakame, Hidroxipropil Ciclodextrina, Palmitoil Tripeptideo-38.<\/p>\n","protected":false},"excerpt":{"rendered":"<p>Inci name em portugu\u00eas Ingredientes: \u00c1gua, Glicerete-26, \u00c1cido Tranex\u00e2mico, Polissorbato 20, Glicerol, Etilhexilglicerina, \u00c1lcool Benz\u00edlico, Goma Xantana, Fenoxietanol, \u00c1cido L\u00e1ctico, Extrato de Wakame, Hidroxipropil Ciclodextrina, Palmitoil Tripeptideo-38.<\/p>\n","protected":false},"author":13,"featured_media":0,"parent":0,"menu_order":0,"comment_status":"closed","ping_status":"closed","template":"","meta":{"footnotes":""},"_links":{"self":[{"href":"https:\/\/cosmeticbeautypack.com\/index.php\/wp-json\/wp\/v2\/pages\/1462"}],"collection":[{"href":"https:\/\/cosmeticbeautypack.com\/index.php\/wp-json\/wp\/v2\/pages"}],"about":[{"href":"https:\/\/cosmeticbeautypack.com\/index.php\/wp-json\/wp\/v2\/types\/page"}],"author":[{"embeddable":true,"href":"https:\/\/cosmeticbeautypack.com\/index.php\/wp-json\/wp\/v2\/users\/13"}],"replies":[{"embeddable":true,"href":"https:\/\/cosmeticbeautypack.com\/index.php\/wp-json\/wp\/v2\/comments?post=1462"}],"version-history":[{"count":2,"href":"https:\/\/cosmeticbeautypack.com\/index.php\/wp-json\/wp\/v2\/pages\/1462\/revisions"}],"predecessor-version":[{"id":1469,"href":"https:\/\/cosmeticbeautypack.com\/index.php\/wp-json\/wp\/v2\/pages\/1462\/revisions\/1469"}],"wp:attachment":[{"href":"https:\/\/cosmeticbeautypack.com\/index.php\/wp-json\/wp\/v2\/media?parent=1462"}],"curies":[{"name":"wp","href":"https:\/\/api.w.org\/{rel}","templated":true}]}}