{"id":1453,"date":"2026-04-02T16:01:00","date_gmt":"2026-04-02T19:01:00","guid":{"rendered":"https:\/\/cosmeticbeautypack.com\/?page_id=1453"},"modified":"2026-04-13T16:17:11","modified_gmt":"2026-04-13T19:17:11","slug":"easy-clean-ghk-solucao-trietanolamina-samana","status":"publish","type":"page","link":"https:\/\/cosmeticbeautypack.com\/index.php\/easy-clean-ghk-solucao-trietanolamina-samana\/","title":{"rendered":"EASY CLEAN GHK SOLU\u00c7\u00c3O TRIETANOLAMINA SAMANA"},"content":{"rendered":"\n<p>Inci name em portugu\u00eas<\/p>\n\n\n\n<p><strong>Ingredientes<\/strong>: \u00c1gua, Glicerete-26, Polissorbato 20, Trietanolamina,&nbsp; \u00d3leo de Ricino Hidrogenado PEG-40, Etilhexilglicerina, Perfume, Sulfato de S\u00f3dio Laurete, \u00c1lcool Benz\u00edlico, Fenoxietanol, Glicerol, Edetato Diss\u00f3dico, Glicirrizinato de Pot\u00e1ssio, Pantenol, Trealose, Propilenoglicol, Creatina, Carboximetil Betaglucano de S\u00f3dio, Caprililglicol, Extrato da Folha de Aloe Vera, \u00d3leo de Soja, Oleato de S\u00f3dio, Lecitina Hidrogenada, Cobre Tripept\u00eddeo-1, Hexil Cinamal, Linalol, Butilfenil Metilpropional, Geraniol, Limoneno, Salicilato de Benzila, Hidroxicitronelal.<\/p>\n","protected":false},"excerpt":{"rendered":"<p>Inci name em portugu\u00eas Ingredientes: \u00c1gua, Glicerete-26, Polissorbato 20, Trietanolamina,&nbsp; \u00d3leo de Ricino Hidrogenado PEG-40, Etilhexilglicerina, Perfume, Sulfato de S\u00f3dio Laurete, \u00c1lcool Benz\u00edlico, Fenoxietanol, Glicerol, Edetato Diss\u00f3dico, Glicirrizinato de Pot\u00e1ssio, Pantenol, Trealose, Propilenoglicol, Creatina, Carboximetil Betaglucano de S\u00f3dio, Caprililglicol, Extrato da Folha de Aloe Vera, \u00d3leo de Soja, Oleato de S\u00f3dio, Lecitina Hidrogenada, Cobre Tripept\u00eddeo-1, [&hellip;]<\/p>\n","protected":false},"author":13,"featured_media":0,"parent":0,"menu_order":0,"comment_status":"closed","ping_status":"closed","template":"","meta":{"footnotes":""},"_links":{"self":[{"href":"https:\/\/cosmeticbeautypack.com\/index.php\/wp-json\/wp\/v2\/pages\/1453"}],"collection":[{"href":"https:\/\/cosmeticbeautypack.com\/index.php\/wp-json\/wp\/v2\/pages"}],"about":[{"href":"https:\/\/cosmeticbeautypack.com\/index.php\/wp-json\/wp\/v2\/types\/page"}],"author":[{"embeddable":true,"href":"https:\/\/cosmeticbeautypack.com\/index.php\/wp-json\/wp\/v2\/users\/13"}],"replies":[{"embeddable":true,"href":"https:\/\/cosmeticbeautypack.com\/index.php\/wp-json\/wp\/v2\/comments?post=1453"}],"version-history":[{"count":2,"href":"https:\/\/cosmeticbeautypack.com\/index.php\/wp-json\/wp\/v2\/pages\/1453\/revisions"}],"predecessor-version":[{"id":1483,"href":"https:\/\/cosmeticbeautypack.com\/index.php\/wp-json\/wp\/v2\/pages\/1453\/revisions\/1483"}],"wp:attachment":[{"href":"https:\/\/cosmeticbeautypack.com\/index.php\/wp-json\/wp\/v2\/media?parent=1453"}],"curies":[{"name":"wp","href":"https:\/\/api.w.org\/{rel}","templated":true}]}}