{"id":1449,"date":"2026-04-02T12:28:59","date_gmt":"2026-04-02T15:28:59","guid":{"rendered":"https:\/\/cosmeticbeautypack.com\/?page_id=1449"},"modified":"2026-04-13T16:24:56","modified_gmt":"2026-04-13T19:24:56","slug":"kit-nad-cosmobeauty","status":"publish","type":"page","link":"https:\/\/cosmeticbeautypack.com\/index.php\/kit-nad-cosmobeauty\/","title":{"rendered":"Kit NAD+ &#8211; Cosmobeauty"},"content":{"rendered":"\n<ul>\n<li><strong>NAD+ 100% Puro Concentrado &#8211; 0,05g &#8211; (Ingredientes)<\/strong> Nadida.<br><\/li>\n\n\n\n<li><strong>NAD+ Peeling de Pept\u00eddeos Active Booster &#8211; 20ml &#8211; (Ingredientes):<\/strong> \u00c1gua, Glicerete-26, \u00c1cido Tranex\u00e2mico, Polissorbato 20, Glicerol, Etilhexilglicerina, \u00c1lcool Benz\u00edlico, Goma Xantana, Fenoxietanol, \u00c1cido L\u00e1ctico, Extrato de Wakame, Hidroxipropil Ciclodextrina, Palmitoil Tripeptideo-38.<\/li>\n<\/ul>\n\n\n\n<ul>\n<li><strong>NAD+ Peeling de Pept\u00eddeos Gold Dermic &#8211; 20ml &#8211; (Ingredientes):<\/strong> \u00c1gua, Glicerol, Cetearete-20, Acetato de Tocoferila, \u00c1lcool Cetear\u00edlico, Olivato de Cetearila, Perfume, Olivato de Sorbitano, Etilhexilglicerina, Goma Xantana, \u00c1lcool Benz\u00edlico, Butil Hidroxi Tolueno, Fenoxietanol, \u00d3leo De Espinheiro Mar\u00edtimo, Nadida, Hidroxiapatita, Edetato Diss\u00f3dico,\u00a0 Pentileno Glicol,\u00a0 Retinal, Polissorbato 20, \u00c1cido 3-Aminopropano Sulfonico,\u00a0 Racealfa &#8211; Hidroxigamametiltiobutanoato de C\u00e1lcio,\u00a0 Hidroxipropil Ciclodextrina, Extrato de Wakame,\u00a0 \u00d3leo de Soja, Oleato de S\u00f3dio, Hydroxyethylcellulose, Aminometilpropanol, Lecitina Hidrogenada, Palmitoil Tripeptideo-38, Sh-Polipept\u00eddio-5, SH-Oligopeptideo-1, Sh-Polipept\u00eddeo-1, Limoneno.<\/li>\n<\/ul>\n","protected":false},"excerpt":{"rendered":"","protected":false},"author":13,"featured_media":0,"parent":0,"menu_order":0,"comment_status":"closed","ping_status":"closed","template":"","meta":{"footnotes":""},"_links":{"self":[{"href":"https:\/\/cosmeticbeautypack.com\/index.php\/wp-json\/wp\/v2\/pages\/1449"}],"collection":[{"href":"https:\/\/cosmeticbeautypack.com\/index.php\/wp-json\/wp\/v2\/pages"}],"about":[{"href":"https:\/\/cosmeticbeautypack.com\/index.php\/wp-json\/wp\/v2\/types\/page"}],"author":[{"embeddable":true,"href":"https:\/\/cosmeticbeautypack.com\/index.php\/wp-json\/wp\/v2\/users\/13"}],"replies":[{"embeddable":true,"href":"https:\/\/cosmeticbeautypack.com\/index.php\/wp-json\/wp\/v2\/comments?post=1449"}],"version-history":[{"count":2,"href":"https:\/\/cosmeticbeautypack.com\/index.php\/wp-json\/wp\/v2\/pages\/1449\/revisions"}],"predecessor-version":[{"id":1485,"href":"https:\/\/cosmeticbeautypack.com\/index.php\/wp-json\/wp\/v2\/pages\/1449\/revisions\/1485"}],"wp:attachment":[{"href":"https:\/\/cosmeticbeautypack.com\/index.php\/wp-json\/wp\/v2\/media?parent=1449"}],"curies":[{"name":"wp","href":"https:\/\/api.w.org\/{rel}","templated":true}]}}