{"id":1447,"date":"2026-04-02T12:18:11","date_gmt":"2026-04-02T15:18:11","guid":{"rendered":"https:\/\/cosmeticbeautypack.com\/?page_id=1447"},"modified":"2026-04-13T15:47:42","modified_gmt":"2026-04-13T18:47:42","slug":"nad-cleanser-cosmobeauty","status":"publish","type":"page","link":"https:\/\/cosmeticbeautypack.com\/index.php\/nad-cleanser-cosmobeauty\/","title":{"rendered":"NAD+ Cleanser &#8211; Cosmobeauty"},"content":{"rendered":"\n<p>Inci name em portugu\u00eas<\/p>\n\n\n\n<p><strong>Ingredientes:<\/strong> \u00c1gua, Cocamidopropil Betaina, Glicerete-26, Perfume. Etilhexilglicerina, Goma Xantana, \u00c1lcool Benz\u00edlico, Opol\u00edmero de Acrilatos de S\u00f3dio, PEG-14M, Fenoxietanol, Glicerol, Lecitina, Edetato Diss\u00f3dico, Nadida, \u00d3leo De Espinheiro Mar\u00edtimo, Imidazolidinilureia, \u00c1cido L\u00e1ctico, Hidroxipropil Ciclodextrina, Palmitoil Tripeptideo-38.<\/p>\n","protected":false},"excerpt":{"rendered":"<p>Inci name em portugu\u00eas Ingredientes: \u00c1gua, Cocamidopropil Betaina, Glicerete-26, Perfume. Etilhexilglicerina, Goma Xantana, \u00c1lcool Benz\u00edlico, Opol\u00edmero de Acrilatos de S\u00f3dio, PEG-14M, Fenoxietanol, Glicerol, Lecitina, Edetato Diss\u00f3dico, Nadida, \u00d3leo De Espinheiro Mar\u00edtimo, Imidazolidinilureia, \u00c1cido L\u00e1ctico, Hidroxipropil Ciclodextrina, Palmitoil Tripeptideo-38.<\/p>\n","protected":false},"author":13,"featured_media":0,"parent":0,"menu_order":0,"comment_status":"closed","ping_status":"closed","template":"","meta":{"footnotes":""},"_links":{"self":[{"href":"https:\/\/cosmeticbeautypack.com\/index.php\/wp-json\/wp\/v2\/pages\/1447"}],"collection":[{"href":"https:\/\/cosmeticbeautypack.com\/index.php\/wp-json\/wp\/v2\/pages"}],"about":[{"href":"https:\/\/cosmeticbeautypack.com\/index.php\/wp-json\/wp\/v2\/types\/page"}],"author":[{"embeddable":true,"href":"https:\/\/cosmeticbeautypack.com\/index.php\/wp-json\/wp\/v2\/users\/13"}],"replies":[{"embeddable":true,"href":"https:\/\/cosmeticbeautypack.com\/index.php\/wp-json\/wp\/v2\/comments?post=1447"}],"version-history":[{"count":2,"href":"https:\/\/cosmeticbeautypack.com\/index.php\/wp-json\/wp\/v2\/pages\/1447\/revisions"}],"predecessor-version":[{"id":1474,"href":"https:\/\/cosmeticbeautypack.com\/index.php\/wp-json\/wp\/v2\/pages\/1447\/revisions\/1474"}],"wp:attachment":[{"href":"https:\/\/cosmeticbeautypack.com\/index.php\/wp-json\/wp\/v2\/media?parent=1447"}],"curies":[{"name":"wp","href":"https:\/\/api.w.org\/{rel}","templated":true}]}}