{"id":1445,"date":"2026-04-02T11:52:55","date_gmt":"2026-04-02T14:52:55","guid":{"rendered":"https:\/\/cosmeticbeautypack.com\/?page_id=1445"},"modified":"2026-04-13T16:11:07","modified_gmt":"2026-04-13T19:11:07","slug":"ghk-cu-easy-clean-gel-samana","status":"publish","type":"page","link":"https:\/\/cosmeticbeautypack.com\/index.php\/ghk-cu-easy-clean-gel-samana\/","title":{"rendered":"GHK Cu Easy Clean Gel &#8211; Samana"},"content":{"rendered":"\n<p>Inci name em portugu\u00eas<\/p>\n\n\n\n<p><strong>Ingredientes:<\/strong> \u00c1gua, Trietanolamina, Glicerete-26, Pantenol, \u00d3leo de Ricino Hidrogenado PEG-40, Benzoato de Laurete-2, Carbomero, Etilhexilglicerina, Perfume, \u00c1lcool Benz\u00edlico, Fenoxietanol, Extrato da Casca de Salgueiro Negro, Edetato Diss\u00f3dico, Acetato de Tocoferila, Glicerol, \u00d3leo de Soja, Oleato de S\u00f3dio, Lecitina Hidrogenada, Cobre Tripept\u00eddeo-1, Hexil Cinamal, Linalol, Butilfenil Metilpropional, Geraniol, Limoneno, Salicilato de Benzila, Hidroxicitronelal.<\/p>\n","protected":false},"excerpt":{"rendered":"<p>Inci name em portugu\u00eas Ingredientes: \u00c1gua, Trietanolamina, Glicerete-26, Pantenol, \u00d3leo de Ricino Hidrogenado PEG-40, Benzoato de Laurete-2, Carbomero, Etilhexilglicerina, Perfume, \u00c1lcool Benz\u00edlico, Fenoxietanol, Extrato da Casca de Salgueiro Negro, Edetato Diss\u00f3dico, Acetato de Tocoferila, Glicerol, \u00d3leo de Soja, Oleato de S\u00f3dio, Lecitina Hidrogenada, Cobre Tripept\u00eddeo-1, Hexil Cinamal, Linalol, Butilfenil Metilpropional, Geraniol, Limoneno, Salicilato de Benzila, [&hellip;]<\/p>\n","protected":false},"author":13,"featured_media":0,"parent":0,"menu_order":0,"comment_status":"closed","ping_status":"closed","template":"","meta":{"footnotes":""},"_links":{"self":[{"href":"https:\/\/cosmeticbeautypack.com\/index.php\/wp-json\/wp\/v2\/pages\/1445"}],"collection":[{"href":"https:\/\/cosmeticbeautypack.com\/index.php\/wp-json\/wp\/v2\/pages"}],"about":[{"href":"https:\/\/cosmeticbeautypack.com\/index.php\/wp-json\/wp\/v2\/types\/page"}],"author":[{"embeddable":true,"href":"https:\/\/cosmeticbeautypack.com\/index.php\/wp-json\/wp\/v2\/users\/13"}],"replies":[{"embeddable":true,"href":"https:\/\/cosmeticbeautypack.com\/index.php\/wp-json\/wp\/v2\/comments?post=1445"}],"version-history":[{"count":2,"href":"https:\/\/cosmeticbeautypack.com\/index.php\/wp-json\/wp\/v2\/pages\/1445\/revisions"}],"predecessor-version":[{"id":1481,"href":"https:\/\/cosmeticbeautypack.com\/index.php\/wp-json\/wp\/v2\/pages\/1445\/revisions\/1481"}],"wp:attachment":[{"href":"https:\/\/cosmeticbeautypack.com\/index.php\/wp-json\/wp\/v2\/media?parent=1445"}],"curies":[{"name":"wp","href":"https:\/\/api.w.org\/{rel}","templated":true}]}}