{"id":1440,"date":"2026-04-02T10:06:51","date_gmt":"2026-04-02T13:06:51","guid":{"rendered":"https:\/\/cosmeticbeautypack.com\/?page_id=1440"},"modified":"2026-04-13T16:09:09","modified_gmt":"2026-04-13T19:09:09","slug":"ghk-cu-easy-clean-esfoliante","status":"publish","type":"page","link":"https:\/\/cosmeticbeautypack.com\/index.php\/ghk-cu-easy-clean-esfoliante\/","title":{"rendered":"GHK Cu Easy Clean Esfoliante &#8211; Samana"},"content":{"rendered":"\n<p>Inci name em portugu\u00eas<\/p>\n\n\n\n<p><strong>Ingredientes:<\/strong> \u00c1gua, Acetato de Celulose, Extrato do Talo de Bambu, \u00c1lcool Cetear\u00edlico, Triglicer\u00eddeo Capr\u00edlico\/C\u00e1prico, Glicerete-26, Fosfato de Amido Hidroxiprop\u00edlico, Cetearete-20, Benzoato de Alquila C12-15, Acetato de Tocoferila, Etilhexilglicerina, Mentol, Perfume, \u00c1lcool Benz\u00edlico, Propilenoglicol, Fenoxietanol, Extrato da folha de Ch\u00e1 da \u00cdndia, Edetato Diss\u00f3dico, Butil Hidroxi Tolueno, Glicerol, \u00d3leo de Soja, Oleato de S\u00f3dio, Lecitina Hidrogenada, Cobre Tripept\u00eddeo-1.<\/p>\n","protected":false},"excerpt":{"rendered":"<p>Inci name em portugu\u00eas Ingredientes: \u00c1gua, Acetato de Celulose, Extrato do Talo de Bambu, \u00c1lcool Cetear\u00edlico, Triglicer\u00eddeo Capr\u00edlico\/C\u00e1prico, Glicerete-26, Fosfato de Amido Hidroxiprop\u00edlico, Cetearete-20, Benzoato de Alquila C12-15, Acetato de Tocoferila, Etilhexilglicerina, Mentol, Perfume, \u00c1lcool Benz\u00edlico, Propilenoglicol, Fenoxietanol, Extrato da folha de Ch\u00e1 da \u00cdndia, Edetato Diss\u00f3dico, Butil Hidroxi Tolueno, Glicerol, \u00d3leo de Soja, Oleato [&hellip;]<\/p>\n","protected":false},"author":13,"featured_media":0,"parent":0,"menu_order":0,"comment_status":"closed","ping_status":"closed","template":"","meta":{"footnotes":""},"_links":{"self":[{"href":"https:\/\/cosmeticbeautypack.com\/index.php\/wp-json\/wp\/v2\/pages\/1440"}],"collection":[{"href":"https:\/\/cosmeticbeautypack.com\/index.php\/wp-json\/wp\/v2\/pages"}],"about":[{"href":"https:\/\/cosmeticbeautypack.com\/index.php\/wp-json\/wp\/v2\/types\/page"}],"author":[{"embeddable":true,"href":"https:\/\/cosmeticbeautypack.com\/index.php\/wp-json\/wp\/v2\/users\/13"}],"replies":[{"embeddable":true,"href":"https:\/\/cosmeticbeautypack.com\/index.php\/wp-json\/wp\/v2\/comments?post=1440"}],"version-history":[{"count":3,"href":"https:\/\/cosmeticbeautypack.com\/index.php\/wp-json\/wp\/v2\/pages\/1440\/revisions"}],"predecessor-version":[{"id":1480,"href":"https:\/\/cosmeticbeautypack.com\/index.php\/wp-json\/wp\/v2\/pages\/1440\/revisions\/1480"}],"wp:attachment":[{"href":"https:\/\/cosmeticbeautypack.com\/index.php\/wp-json\/wp\/v2\/media?parent=1440"}],"curies":[{"name":"wp","href":"https:\/\/api.w.org\/{rel}","templated":true}]}}