{"id":1438,"date":"2026-04-01T16:38:09","date_gmt":"2026-04-01T19:38:09","guid":{"rendered":"https:\/\/cosmeticbeautypack.com\/?page_id=1438"},"modified":"2026-04-13T16:34:55","modified_gmt":"2026-04-13T19:34:55","slug":"body-redux-remodelift-glp1-care-150ml-cosmobeauty","status":"publish","type":"page","link":"https:\/\/cosmeticbeautypack.com\/index.php\/body-redux-remodelift-glp1-care-150ml-cosmobeauty\/","title":{"rendered":"Body Redux &#8211; Remodelift-GLP1 Care &#8211; 150ml &#8211; Cosmobeauty"},"content":{"rendered":"\n<p>Inci name em portugu\u00eas<\/p>\n\n\n\n<p><strong>Ingredientes:<\/strong> \u00c1gua, Dimepranol, Aminometilpropanol, Glicerete-26, Polissorbato 20, Perfume. Manuronato de Metilsilanol, Glicerol, Etilhexilglicerina, \u00c1lcool Benz\u00edlico, Fenoxietanol, Opol\u00edmero de Acrilatos de S\u00f3dio, Edetato Diss\u00f3dico, Lecitina, Extrato de Clorela Vulgaris, Benzoato de S\u00f3dio, Carragenina S\u00f3dica, Extrato da Alga Jania Rubens, \u00c1cido C\u00edtrico, \u00c1cido S\u00f3rbico, Hexil Cinamal, Citronelol, Limoneno, Alpha-Isomethil Ionona.<\/p>\n","protected":false},"excerpt":{"rendered":"<p>Inci name em portugu\u00eas Ingredientes: \u00c1gua, Dimepranol, Aminometilpropanol, Glicerete-26, Polissorbato 20, Perfume. Manuronato de Metilsilanol, Glicerol, Etilhexilglicerina, \u00c1lcool Benz\u00edlico, Fenoxietanol, Opol\u00edmero de Acrilatos de S\u00f3dio, Edetato Diss\u00f3dico, Lecitina, Extrato de Clorela Vulgaris, Benzoato de S\u00f3dio, Carragenina S\u00f3dica, Extrato da Alga Jania Rubens, \u00c1cido C\u00edtrico, \u00c1cido S\u00f3rbico, Hexil Cinamal, Citronelol, Limoneno, Alpha-Isomethil Ionona.<\/p>\n","protected":false},"author":13,"featured_media":0,"parent":0,"menu_order":0,"comment_status":"closed","ping_status":"closed","template":"","meta":{"footnotes":""},"_links":{"self":[{"href":"https:\/\/cosmeticbeautypack.com\/index.php\/wp-json\/wp\/v2\/pages\/1438"}],"collection":[{"href":"https:\/\/cosmeticbeautypack.com\/index.php\/wp-json\/wp\/v2\/pages"}],"about":[{"href":"https:\/\/cosmeticbeautypack.com\/index.php\/wp-json\/wp\/v2\/types\/page"}],"author":[{"embeddable":true,"href":"https:\/\/cosmeticbeautypack.com\/index.php\/wp-json\/wp\/v2\/users\/13"}],"replies":[{"embeddable":true,"href":"https:\/\/cosmeticbeautypack.com\/index.php\/wp-json\/wp\/v2\/comments?post=1438"}],"version-history":[{"count":2,"href":"https:\/\/cosmeticbeautypack.com\/index.php\/wp-json\/wp\/v2\/pages\/1438\/revisions"}],"predecessor-version":[{"id":1488,"href":"https:\/\/cosmeticbeautypack.com\/index.php\/wp-json\/wp\/v2\/pages\/1438\/revisions\/1488"}],"wp:attachment":[{"href":"https:\/\/cosmeticbeautypack.com\/index.php\/wp-json\/wp\/v2\/media?parent=1438"}],"curies":[{"name":"wp","href":"https:\/\/api.w.org\/{rel}","templated":true}]}}