{"id":1433,"date":"2026-03-27T12:44:20","date_gmt":"2026-03-27T15:44:20","guid":{"rendered":"https:\/\/cosmeticbeautypack.com\/?page_id=1433"},"modified":"2026-04-13T16:58:53","modified_gmt":"2026-04-13T19:58:53","slug":"hidroxi-lift-monodoses","status":"publish","type":"page","link":"https:\/\/cosmeticbeautypack.com\/index.php\/hidroxi-lift-monodoses\/","title":{"rendered":"HIDROXI LIFT MONODOSES"},"content":{"rendered":"\n<p>Inci name em portugu\u00eas<\/p>\n\n\n\n<p><strong>Ingredientes:<\/strong> \u00c1gua, Benzoato de Alquila C12-15, Hidroxiapatita,&nbsp; Pantenol, Glicerete-26, Manuronato de Metilsilanol, Goma Xantana, Etilhexilglicerina, Perfume, \u00c1lcool Benz\u00edlico, Opol\u00edmero de Acrilatos de S\u00f3dio, Fenoxietanol, Glicerol, Glicirrizinato de Pot\u00e1ssio, Edetato Diss\u00f3dico, Lecitina, Trealose, Propilenoglicol, Creatina,&nbsp; 1,2-Hexanodiol,&nbsp; Carboximetil Betaglucano de S\u00f3dio, Caprililglicol, Extrato da Folha de Aloe Vera, Extrato da Folha de Centella Asi\u00e1tica, \u00c1cido S\u00f3rbico, \u00d3leo de Soja, Oleato de S\u00f3dio, Lecitina Hidrogenada, Cobre Tripept\u00eddeo-1, Hexil Cinamal, Linalol, Limoneno, Butilfenil Metilpropional, Citronelol, Hidroxiisoexil 3 Cicloexene Carboxaldeido.<\/p>\n","protected":false},"excerpt":{"rendered":"<p>Inci name em portugu\u00eas Ingredientes: \u00c1gua, Benzoato de Alquila C12-15, Hidroxiapatita,&nbsp; Pantenol, Glicerete-26, Manuronato de Metilsilanol, Goma Xantana, Etilhexilglicerina, Perfume, \u00c1lcool Benz\u00edlico, Opol\u00edmero de Acrilatos de S\u00f3dio, Fenoxietanol, Glicerol, Glicirrizinato de Pot\u00e1ssio, Edetato Diss\u00f3dico, Lecitina, Trealose, Propilenoglicol, Creatina,&nbsp; 1,2-Hexanodiol,&nbsp; Carboximetil Betaglucano de S\u00f3dio, Caprililglicol, Extrato da Folha de Aloe Vera, Extrato da Folha de Centella [&hellip;]<\/p>\n","protected":false},"author":13,"featured_media":0,"parent":0,"menu_order":0,"comment_status":"closed","ping_status":"closed","template":"","meta":{"footnotes":""},"_links":{"self":[{"href":"https:\/\/cosmeticbeautypack.com\/index.php\/wp-json\/wp\/v2\/pages\/1433"}],"collection":[{"href":"https:\/\/cosmeticbeautypack.com\/index.php\/wp-json\/wp\/v2\/pages"}],"about":[{"href":"https:\/\/cosmeticbeautypack.com\/index.php\/wp-json\/wp\/v2\/types\/page"}],"author":[{"embeddable":true,"href":"https:\/\/cosmeticbeautypack.com\/index.php\/wp-json\/wp\/v2\/users\/13"}],"replies":[{"embeddable":true,"href":"https:\/\/cosmeticbeautypack.com\/index.php\/wp-json\/wp\/v2\/comments?post=1433"}],"version-history":[{"count":2,"href":"https:\/\/cosmeticbeautypack.com\/index.php\/wp-json\/wp\/v2\/pages\/1433\/revisions"}],"predecessor-version":[{"id":1491,"href":"https:\/\/cosmeticbeautypack.com\/index.php\/wp-json\/wp\/v2\/pages\/1433\/revisions\/1491"}],"wp:attachment":[{"href":"https:\/\/cosmeticbeautypack.com\/index.php\/wp-json\/wp\/v2\/media?parent=1433"}],"curies":[{"name":"wp","href":"https:\/\/api.w.org\/{rel}","templated":true}]}}